{"id":567,"date":"2019-04-01T16:27:16","date_gmt":"2019-04-01T16:27:16","guid":{"rendered":"https:\/\/wordpress-319350-1082136.cloudwaysapps.com\/?page_id=567"},"modified":"2019-12-06T16:13:29","modified_gmt":"2019-12-06T21:13:29","slug":"stage-two-planning","status":"publish","type":"page","link":"https:\/\/training.refugeesponsorship.org\/es\/stage-two-planning","title":{"rendered":"Stage Two"},"content":{"rendered":"<div class=\"wpb-content-wrapper\"><div      class=\"vc_row wpb_row section vc_row-fluid\" style=' text-align:left;'><div class=\"full_section_inner clearfix\"><div class=\"wpb_column vc_column_container vc_col-sm-3\"><div class=\"vc_column-inner\"><div class=\"wpb_wrapper\">\n\t<div class=\"wpb_text_column wpb_content_element\">\n\t\t<div class=\"wpb_wrapper\">\n\t\t\t<div id=\"mega-menu-wrap-max_mega_menu_1\" class=\"mega-menu-wrap\"><div class=\"mega-menu-toggle\"><div class=\"mega-toggle-blocks-left\"><\/div><div class=\"mega-toggle-blocks-center\"><\/div><div class=\"mega-toggle-blocks-right\"><div class='mega-toggle-block mega-menu-toggle-block mega-toggle-block-1' id='mega-toggle-block-1'><span class='mega-toggle-label' role='button' aria-haspopup='true' aria-expanded='false'><span class='mega-toggle-label-closed'>MENU<\/span><span class='mega-toggle-label-open'>MENU<\/span><\/span><\/div><\/div><\/div><ul id=\"mega-menu-max_mega_menu_1\" class=\"mega-menu max-mega-menu mega-menu-accordion mega-no-js\" data-event=\"click\" data-effect=\"fade_up\" data-effect-speed=\"200\" data-effect-mobile=\"slide\" data-effect-speed-mobile=\"200\" data-mobile-force-width=\"false\" data-second-click=\"go\" data-document-click=\"disabled\" data-vertical-behaviour=\"standard\" data-breakpoint=\"600\" data-unbind=\"true\" data-mobile-state=\"collapse_all\" data-mobile-direction=\"vertical\" data-hover-intent-timeout=\"300\" data-hover-intent-interval=\"100\" data-overlay-desktop=\"false\" data-overlay-mobile=\"false\"><li class=\"mega-no_text_underline mega-menu-item mega-menu-item-type-custom mega-menu-item-object-custom mega-align-bottom-left mega-menu-flyout mega-menu-item-2125 no_text_underline\" id=\"mega-menu-item-2125\"><a class=\"mega-menu-link\">El proceso de patrocinio de refugiado<\/a><\/li><li class=\"mega-menu-item mega-menu-item-type-post_type mega-menu-item-object-page mega-align-bottom-left mega-menu-flyout mega-menu-item-3149\" id=\"mega-menu-item-3149\"><a class=\"mega-menu-link\" href=\"https:\/\/training.refugeesponsorship.org\/es\/?page_id=355\">Vista general<\/a><\/li><li class=\"mega-menu-item mega-menu-item-type-post_type mega-menu-item-object-page mega-menu-item-has-children mega-align-bottom-left mega-menu-flyout mega-disable-link mega-menu-item-2013\" id=\"mega-menu-item-2013\"><a class=\"mega-menu-link\" tabindex=\"0\" aria-expanded=\"false\" aria-controls=\"mega-sub-menu-2013\" role=\"button\">Etapa uno: Informaci\u00f3n general<span class=\"mega-indicator\" aria-hidden=\"true\"><\/span><\/a>\n<ul class=\"mega-sub-menu\" id='mega-sub-menu-2013'>\n<li class=\"mega-menu-item mega-menu-item-type-custom mega-menu-item-object-custom mega-menu-item-3831\" id=\"mega-menu-item-3831\"><a class=\"mega-menu-link\" href=\"https:\/\/training.refugeesponsorship.org\/es\/courses\/what-is-refugee-resettlement\/#a\">1.1 \u00bfQu\u00e9 es el reasentamiento de refugiados?<\/a><\/li><li class=\"mega-menu-item mega-menu-item-type-custom mega-menu-item-object-custom mega-menu-item-3832\" id=\"mega-menu-item-3832\"><a class=\"mega-menu-link\" href=\"https:\/\/training.refugeesponsorship.org\/es\/courses\/grsi-community-sponsorship-training\/#a\">1.2 \u00bfQu\u00e9 es el patrocinio comunitario de refugiados?<\/a><\/li><li class=\"mega-menu-item mega-menu-item-type-custom mega-menu-item-object-custom mega-menu-item-3833\" id=\"mega-menu-item-3833\"><a class=\"mega-menu-link\" href=\"https:\/\/training.refugeesponsorship.org\/es\/courses\/why-sponsor-refugees\/#a\">1.3 \u00bfPor qu\u00e9 patrocinar refugiados?<\/a><\/li><li class=\"mega-menu-item mega-menu-item-type-custom mega-menu-item-object-custom mega-menu-item-3834\" id=\"mega-menu-item-3834\"><a class=\"mega-menu-link\" href=\"https:\/\/training.refugeesponsorship.org\/es\/courses\/who-can-sponsor-refugees\/#a\">1.4 \u00bfQui\u00e9n puede patrocinar a los refugiados?<\/a><\/li><li class=\"mega-menu-item mega-menu-item-type-custom mega-menu-item-object-custom mega-menu-item-3835\" id=\"mega-menu-item-3835\"><a class=\"mega-menu-link\" href=\"https:\/\/training.refugeesponsorship.org\/es\/courses\/how-can-i-get-involved\/#a\">1.5 \u00bfC\u00f3mo puedo participar?<\/a><\/li><\/ul>\n<\/li><li class=\"mega-menu-item mega-menu-item-type-post_type mega-menu-item-object-page mega-menu-item-has-children mega-align-bottom-left mega-menu-flyout mega-disable-link mega-menu-item-2019\" id=\"mega-menu-item-2019\"><a class=\"mega-menu-link\" tabindex=\"0\" aria-expanded=\"false\" aria-controls=\"mega-sub-menu-2019\" role=\"button\">Etapa dos: Planificaci\u00f3n<span class=\"mega-indicator\" aria-hidden=\"true\"><\/span><\/a>\n<ul class=\"mega-sub-menu\" id='mega-sub-menu-2019'>\n<li class=\"mega-menu-item mega-menu-item-type-custom mega-menu-item-object-custom mega-menu-item-3836\" id=\"mega-menu-item-3836\"><a class=\"mega-menu-link\" href=\"https:\/\/training.refugeesponsorship.org\/es\/courses\/the-guiding-principles\/#a\">2.1 Principios Rectores<\/a><\/li><li class=\"mega-menu-item mega-menu-item-type-custom mega-menu-item-object-custom mega-menu-item-3837\" id=\"mega-menu-item-3837\"><a class=\"mega-menu-link\" href=\"https:\/\/training.refugeesponsorship.org\/es\/courses\/forming-a-group\/#a\">2.2 Formar un grupo<\/a><\/li><li class=\"mega-menu-item mega-menu-item-type-custom mega-menu-item-object-custom mega-menu-item-3838\" id=\"mega-menu-item-3838\"><a class=\"mega-menu-link\" href=\"https:\/\/training.refugeesponsorship.org\/es\/courses\/group-roles\/#a\">2.3 Funciones del grupo<\/a><\/li><li class=\"mega-menu-item mega-menu-item-type-custom mega-menu-item-object-custom mega-menu-item-3839\" id=\"mega-menu-item-3839\"><a class=\"mega-menu-link\" href=\"https:\/\/training.refugeesponsorship.org\/es\/courses\/settlement-planning\/#a\">2.4 Planificaci\u00f3n del asentamiento<\/a><\/li><\/ul>\n<\/li><li class=\"mega-menu-item mega-menu-item-type-post_type mega-menu-item-object-page mega-menu-item-has-children mega-align-bottom-left mega-menu-flyout mega-disable-link mega-menu-item-2024\" id=\"mega-menu-item-2024\"><a class=\"mega-menu-link\" tabindex=\"0\" aria-expanded=\"false\" aria-controls=\"mega-sub-menu-2024\" role=\"button\">Etapa tres: Apoyo al asentamiento<span class=\"mega-indicator\" aria-hidden=\"true\"><\/span><\/a>\n<ul class=\"mega-sub-menu\" id='mega-sub-menu-2024'>\n<li class=\"mega-menu-item mega-menu-item-type-custom mega-menu-item-object-custom mega-menu-item-3840\" id=\"mega-menu-item-3840\"><a class=\"mega-menu-link\" href=\"https:\/\/training.refugeesponsorship.org\/es\/courses\/fundraising\/#a\">3.1 Recaudaci\u00f3n de fondos<\/a><\/li><li class=\"mega-menu-item mega-menu-item-type-custom mega-menu-item-object-custom mega-menu-item-3841\" id=\"mega-menu-item-3841\"><a class=\"mega-menu-link\" href=\"https:\/\/training.refugeesponsorship.org\/es\/courses\/housing\/#a\">3.2 Vivienda<\/a><\/li><li class=\"mega-menu-item mega-menu-item-type-custom mega-menu-item-object-custom mega-menu-item-3842\" id=\"mega-menu-item-3842\"><a class=\"mega-menu-link\" href=\"https:\/\/training.refugeesponsorship.org\/es\/courses\/orientation\/#a\">3.3 Orientaci\u00f3n<\/a><\/li><li class=\"mega-menu-item mega-menu-item-type-custom mega-menu-item-object-custom mega-menu-item-3843\" id=\"mega-menu-item-3843\"><a class=\"mega-menu-link\" href=\"https:\/\/training.refugeesponsorship.org\/es\/courses\/furnishings-and-clothing\/#a\">3.4 Muebles y ropa<\/a><\/li><li class=\"mega-menu-item mega-menu-item-type-custom mega-menu-item-object-custom mega-menu-item-3844\" id=\"mega-menu-item-3844\"><a class=\"mega-menu-link\" href=\"https:\/\/training.refugeesponsorship.org\/es\/courses\/employment\/#a\">3.5 Empleo<\/a><\/li><li class=\"mega-menu-item mega-menu-item-type-custom mega-menu-item-object-custom mega-menu-item-3845\" id=\"mega-menu-item-3845\"><a class=\"mega-menu-link\" href=\"https:\/\/training.refugeesponsorship.org\/es\/courses\/medical-coverage\/#a\">3.6 Cobertura m\u00e9dica<\/a><\/li><li class=\"mega-menu-item mega-menu-item-type-custom mega-menu-item-object-custom mega-menu-item-3846\" id=\"mega-menu-item-3846\"><a class=\"mega-menu-link\" href=\"https:\/\/training.refugeesponsorship.org\/es\/courses\/mental-health\/#a\">3.7 Salud mental<\/a><\/li><li class=\"mega-menu-item mega-menu-item-type-custom mega-menu-item-object-custom mega-menu-item-3847\" id=\"mega-menu-item-3847\"><a class=\"mega-menu-link\" href=\"https:\/\/training.refugeesponsorship.org\/es\/courses\/language-acquisition\/#a\">3.8 Adquisici\u00f3n del idioma<\/a><\/li><li class=\"mega-menu-item mega-menu-item-type-custom mega-menu-item-object-custom mega-menu-item-3848\" id=\"mega-menu-item-3848\"><a class=\"mega-menu-link\" href=\"https:\/\/training.refugeesponsorship.org\/es\/courses\/education\/#a\">3.9 Educaci\u00f3n<\/a><\/li><li class=\"mega-menu-item mega-menu-item-type-custom mega-menu-item-object-custom mega-menu-item-3849\" id=\"mega-menu-item-3849\"><a class=\"mega-menu-link\" href=\"https:\/\/training.refugeesponsorship.org\/es\/courses\/transport\/#a\">3.10 Transporte<\/a><\/li><li class=\"mega-menu-item mega-menu-item-type-custom mega-menu-item-object-custom mega-menu-item-3850\" id=\"mega-menu-item-3850\"><a class=\"mega-menu-link\" href=\"https:\/\/training.refugeesponsorship.org\/es\/courses\/social-events\/#a\">3.11 Eventos sociales<\/a><\/li><\/ul>\n<\/li><li class=\"mega-menu-item mega-menu-item-type-post_type mega-menu-item-object-page mega-menu-item-has-children mega-align-bottom-left mega-menu-flyout mega-disable-link mega-menu-item-2036\" id=\"mega-menu-item-2036\"><a class=\"mega-menu-link\" tabindex=\"0\" aria-expanded=\"false\" aria-controls=\"mega-sub-menu-2036\" role=\"button\">Etapa cuatro: Puntos que debe tener en cuenta el grupo<span class=\"mega-indicator\" aria-hidden=\"true\"><\/span><\/a>\n<ul class=\"mega-sub-menu\" id='mega-sub-menu-2036'>\n<li class=\"mega-menu-item mega-menu-item-type-custom mega-menu-item-object-custom mega-menu-item-3851\" id=\"mega-menu-item-3851\"><a class=\"mega-menu-link\" href=\"https:\/\/training.refugeesponsorship.org\/es\/courses\/managing-relationships\/#a\">4.1 Gesti\u00f3n de las relaciones<\/a><\/li><li class=\"mega-menu-item mega-menu-item-type-custom mega-menu-item-object-custom mega-menu-item-3852\" id=\"mega-menu-item-3852\"><a class=\"mega-menu-link\" href=\"https:\/\/training.refugeesponsorship.org\/es\/courses\/changes-in-the-sponsorship-agreement\/#a\">4.2 Cambios en el acuerdo de patrocinio<\/a><\/li><li class=\"mega-menu-item mega-menu-item-type-custom mega-menu-item-object-custom mega-menu-item-3853\" id=\"mega-menu-item-3853\"><a class=\"mega-menu-link\" href=\"https:\/\/training.refugeesponsorship.org\/es\/courses\/promoting-sponsorship\/#a\">4.3 Promoci\u00f3n del patrocinio<\/a><\/li><li class=\"mega-menu-item mega-menu-item-type-custom mega-menu-item-object-custom mega-menu-item-3854\" id=\"mega-menu-item-3854\"><a class=\"mega-menu-link\" href=\"https:\/\/training.refugeesponsorship.org\/es\/courses\/end-of-sponsorship\/#a\">4.4 Fin del patrocinio<\/a><\/li><\/ul>\n<\/li><\/ul><\/div>\n\n\t\t<\/div> \n\t<\/div> <\/div><\/div><\/div><div class=\"wpb_column vc_column_container vc_col-sm-9\"><div class=\"vc_column-inner\"><div class=\"wpb_wrapper\">\n\t<div class=\"wpb_text_column wpb_content_element\">\n\t\t<div class=\"wpb_wrapper\">\n\t\t\t<div id=\"ld-course-list-content-ac2567c5b745ec5c045fbb40b5026917\" class=\"ld-course-list-content\" data-shortcode-atts=\"{&quot;orderby&quot;:&quot;menu_order&quot;,&quot;order&quot;:&quot;ASC&quot;,&quot;show_content&quot;:&quot;true&quot;,&quot;course_category_name&quot;:&quot;Stage Two: Planning&quot;}\">\n\t\t\t<div class=\"ld-course-list-items row\">\n\t<!-- LearnDash Course Grid v1 --><div class=\"ld_course_grid col-sm-8 col-md-4\">\n\t<article id=\"post-784\" class=\"thumbnail course post-784 sfwd-courses type-sfwd-courses status-publish has-post-thumbnail hentry category-stage-two ld_course_category-stage-two-planning\">\n\t\t\t\t\t\t\t\t<div class=\"ribbon\">\n\t\t\t\tGratuito\t\t\t<\/div>\n\t\t\t\n\t\t\t\t\t\t<a href=\"https:\/\/training.refugeesponsorship.org\/es\/courses\/the-guiding-principles\" rel=\"bookmark\">\n\t\t\t\t<img loading=\"lazy\" decoding=\"async\" width=\"300\" height=\"233\" src=\"https:\/\/training.refugeesponsorship.org\/wp-content\/uploads\/2019\/06\/Guiding-Principles-300x233.jpg\" class=\"attachment-medium size-medium wp-post-image\" alt=\"\" srcset=\"https:\/\/training.refugeesponsorship.org\/wp-content\/uploads\/2019\/06\/Guiding-Principles-300x233.jpg 300w, https:\/\/training.refugeesponsorship.org\/wp-content\/uploads\/2019\/06\/Guiding-Principles-600x466.jpg 600w, https:\/\/training.refugeesponsorship.org\/wp-content\/uploads\/2019\/06\/Guiding-Principles-386x300.jpg 386w, https:\/\/training.refugeesponsorship.org\/wp-content\/uploads\/2019\/06\/Guiding-Principles.jpg 632w\" sizes=\"auto, (max-width: 300px) 100vw, 300px\" \/>\t\t\t<\/a>\n\t\t\t\t\t\n\t\t\t\t\t<div class=\"caption\">\n\t\t\t\t<h3 class=\"entry-title\">2.1 Principios Rectores<\/h3>\n\t\t\t\t\t\t\t\t<div class=\"entry-content\"><p>En estos Principios Rectores para el patrocinio de refugiados, presentamos varias maneras de entender y abordar una serie de situaciones que ocurren con frecuencia. Dado que hay tantos aspectos del patrocinio de refugiados que son espec\u00edficos de cada comunidad, ustedes, como residentes de la comunidad, son los expertos que saben lo que se necesita para vivir y prosperar en esa comunidad. Este recurso le permitir\u00e1 examinar algunos de los preparativos y soluciones a problemas que podr\u00edan ser \u00fatiles en sus actividades de patrocinio de refugiados.<\/p>\n<\/div>\n\t\t\t\t\t\t\t\t<div class=\"ld_course_grid_button\"><a class=\"btn btn-primary\" role=\"button\" href=\"https:\/\/training.refugeesponsorship.org\/es\/courses\/the-guiding-principles\" rel=\"bookmark\">Enroll Now<\/a><\/div>\n\t\t\t\t\t\t\t<\/div><!-- .entry-header -->\n\t\t\t<\/article><!-- #post-## -->\n<\/div><!-- .ld_course_grid -->\n<!-- LearnDash Course Grid v1 --><div class=\"ld_course_grid col-sm-8 col-md-4\">\n\t<article id=\"post-574\" class=\"thumbnail course post-574 sfwd-courses type-sfwd-courses status-publish has-post-thumbnail hentry category-stage-two ld_course_category-stage-two-planning\">\n\t\t\t\t\t\t\t\t<div class=\"ribbon\">\n\t\t\t\tGratuito\t\t\t<\/div>\n\t\t\t\n\t\t\t\t\t\t<a href=\"https:\/\/training.refugeesponsorship.org\/es\/courses\/forming-a-group\" rel=\"bookmark\">\n\t\t\t\t<img loading=\"lazy\" decoding=\"async\" width=\"300\" height=\"233\" src=\"https:\/\/training.refugeesponsorship.org\/wp-content\/uploads\/2019\/03\/Forming-a-Group@144x-100-300x233.jpg\" class=\"attachment-medium size-medium wp-post-image\" alt=\"\" srcset=\"https:\/\/training.refugeesponsorship.org\/wp-content\/uploads\/2019\/03\/Forming-a-Group@144x-100-300x233.jpg 300w, https:\/\/training.refugeesponsorship.org\/wp-content\/uploads\/2019\/03\/Forming-a-Group@144x-100-600x466.jpg 600w, https:\/\/training.refugeesponsorship.org\/wp-content\/uploads\/2019\/03\/Forming-a-Group@144x-100.jpg 632w\" sizes=\"auto, (max-width: 300px) 100vw, 300px\" \/>\t\t\t<\/a>\n\t\t\t\t\t\n\t\t\t\t\t<div class=\"caption\">\n\t\t\t\t<h3 class=\"entry-title\">2.2 Formar un grupo<\/h3>\n\t\t\t\t\t\t\t\t<div class=\"ld_course_grid_button\"><a class=\"btn btn-primary\" role=\"button\" href=\"https:\/\/training.refugeesponsorship.org\/es\/courses\/forming-a-group\" rel=\"bookmark\">Enroll Now<\/a><\/div>\n\t\t\t\t\t\t\t<\/div><!-- .entry-header -->\n\t\t\t<\/article><!-- #post-## -->\n<\/div><!-- .ld_course_grid -->\n<!-- LearnDash Course Grid v1 --><div class=\"ld_course_grid col-sm-8 col-md-4\">\n\t<article id=\"post-814\" class=\"thumbnail course post-814 sfwd-courses type-sfwd-courses status-publish has-post-thumbnail hentry category-stage-two ld_course_category-stage-two-planning\">\n\t\t\t\t\t\t\t\t<div class=\"ribbon\">\n\t\t\t\tGratuito\t\t\t<\/div>\n\t\t\t\n\t\t\t\t\t\t<a href=\"https:\/\/training.refugeesponsorship.org\/es\/courses\/group-roles\" rel=\"bookmark\">\n\t\t\t\t<img loading=\"lazy\" decoding=\"async\" width=\"300\" height=\"233\" src=\"https:\/\/training.refugeesponsorship.org\/wp-content\/uploads\/2019\/03\/Group-Roles@144x-100-300x233.jpg\" class=\"attachment-medium size-medium wp-post-image\" alt=\"\" srcset=\"https:\/\/training.refugeesponsorship.org\/wp-content\/uploads\/2019\/03\/Group-Roles@144x-100-300x233.jpg 300w, https:\/\/training.refugeesponsorship.org\/wp-content\/uploads\/2019\/03\/Group-Roles@144x-100-600x466.jpg 600w, https:\/\/training.refugeesponsorship.org\/wp-content\/uploads\/2019\/03\/Group-Roles@144x-100.jpg 632w\" sizes=\"auto, (max-width: 300px) 100vw, 300px\" \/>\t\t\t<\/a>\n\t\t\t\t\t\n\t\t\t\t\t<div class=\"caption\">\n\t\t\t\t<h3 class=\"entry-title\">2.3 Funciones del grupo<\/h3>\n\t\t\t\t\t\t\t\t<div class=\"entry-content\"><p>Las ventajas de trabajar con grupos patrocinadores es que los miembros pueden compartir las responsabilidades del patrocinio, incluyendo la gesti\u00f3n de tareas independientes o la realizaci\u00f3n de funciones espec\u00edficas. <\/p>\n<\/div>\n\t\t\t\t\t\t\t\t<div class=\"ld_course_grid_button\"><a class=\"btn btn-primary\" role=\"button\" href=\"https:\/\/training.refugeesponsorship.org\/es\/courses\/group-roles\" rel=\"bookmark\">Enroll Now<\/a><\/div>\n\t\t\t\t\t\t\t<\/div><!-- .entry-header -->\n\t\t\t<\/article><!-- #post-## -->\n<\/div><!-- .ld_course_grid -->\n<!-- LearnDash Course Grid v1 --><div class=\"ld_course_grid col-sm-8 col-md-4\">\n\t<article id=\"post-779\" class=\"thumbnail course post-779 sfwd-courses type-sfwd-courses status-publish has-post-thumbnail hentry category-stage-two ld_course_category-stage-two-planning\">\n\t\t\t\t\t\t\t\t<div class=\"ribbon\">\n\t\t\t\tGratuito\t\t\t<\/div>\n\t\t\t\n\t\t\t\t\t\t<a href=\"https:\/\/training.refugeesponsorship.org\/es\/courses\/settlement-planning\" rel=\"bookmark\">\n\t\t\t\t<img loading=\"lazy\" decoding=\"async\" width=\"300\" height=\"233\" src=\"https:\/\/training.refugeesponsorship.org\/wp-content\/uploads\/2019\/03\/Settlement-Plan@144x-100-300x233.jpg\" class=\"attachment-medium size-medium wp-post-image\" alt=\"\" srcset=\"https:\/\/training.refugeesponsorship.org\/wp-content\/uploads\/2019\/03\/Settlement-Plan@144x-100-300x233.jpg 300w, https:\/\/training.refugeesponsorship.org\/wp-content\/uploads\/2019\/03\/Settlement-Plan@144x-100-600x465.jpg 600w, https:\/\/training.refugeesponsorship.org\/wp-content\/uploads\/2019\/03\/Settlement-Plan@144x-100.jpg 633w\" sizes=\"auto, (max-width: 300px) 100vw, 300px\" \/>\t\t\t<\/a>\n\t\t\t\t\t\n\t\t\t\t\t<div class=\"caption\">\n\t\t\t\t<h3 class=\"entry-title\">2.4 Planificaci\u00f3n del asentamiento<\/h3>\n\t\t\t\t\t\t\t\t<div class=\"entry-content\"><p>Settlement Planning informs sponsors about the process of preparing to sponsor, including budgeting and making a settlement plan.<\/p>\n<\/div>\n\t\t\t\t\t\t\t\t<div class=\"ld_course_grid_button\"><a class=\"btn btn-primary\" role=\"button\" href=\"https:\/\/training.refugeesponsorship.org\/es\/courses\/settlement-planning\" rel=\"bookmark\">Enroll Now<\/a><\/div>\n\t\t\t\t\t\t\t<\/div><!-- .entry-header -->\n\t\t\t<\/article><!-- #post-## -->\n<\/div><!-- .ld_course_grid -->\n\t<\/div>\n\t\t\t<\/div>\n\t\t\n\n\t\t<\/div> \n\t<\/div> <\/div><\/div><\/div><\/div><\/div><div      class=\"vc_row wpb_row section vc_row-fluid\" style=' text-align:left;'><div class=\"full_section_inner clearfix\"><div class=\"wpb_column vc_column_container vc_col-sm-12\"><div class=\"vc_column-inner\"><div class=\"wpb_wrapper\">\t<div class=\"vc_empty_space\"  style=\"height: 50px\" ><span\n\t\t\tclass=\"vc_empty_space_inner\">\n\t\t\t<span class=\"empty_space_image\"  ><\/span>\n\t\t<\/span><\/div>\n\n<\/div><\/div><\/div><\/div><\/div>\n<\/div>","protected":false},"excerpt":{"rendered":"MENUMENUThe Refugee Sponsorship ProcessOverviewStage One: Inquiry 1.1 What is Refugee Resettlement?1.2 What is Community-Based Refugee Sponsorship?1.3 Why Sponsor Refugees?1.4 Who Can Sponsor Refugees?1.5 How Can I Get Involved? Stage Two: Planning 2.1 The Guiding Principles2.2 Forming a Group2.3 Group Roles2.4 Settlement Planning Stage Three: Settlement...","protected":false},"author":7,"featured_media":0,"parent":0,"menu_order":0,"comment_status":"closed","ping_status":"closed","template":"","meta":{"footnotes":""},"class_list":["post-567","page","type-page","status-publish","hentry"],"_links":{"self":[{"href":"https:\/\/training.refugeesponsorship.org\/es\/wp-json\/wp\/v2\/pages\/567","targetHints":{"allow":["GET"]}}],"collection":[{"href":"https:\/\/training.refugeesponsorship.org\/es\/wp-json\/wp\/v2\/pages"}],"about":[{"href":"https:\/\/training.refugeesponsorship.org\/es\/wp-json\/wp\/v2\/types\/page"}],"author":[{"embeddable":true,"href":"https:\/\/training.refugeesponsorship.org\/es\/wp-json\/wp\/v2\/users\/7"}],"replies":[{"embeddable":true,"href":"https:\/\/training.refugeesponsorship.org\/es\/wp-json\/wp\/v2\/comments?post=567"}],"version-history":[{"count":4,"href":"https:\/\/training.refugeesponsorship.org\/es\/wp-json\/wp\/v2\/pages\/567\/revisions"}],"predecessor-version":[{"id":4708,"href":"https:\/\/training.refugeesponsorship.org\/es\/wp-json\/wp\/v2\/pages\/567\/revisions\/4708"}],"wp:attachment":[{"href":"https:\/\/training.refugeesponsorship.org\/es\/wp-json\/wp\/v2\/media?parent=567"}],"curies":[{"name":"wp","href":"https:\/\/api.w.org\/{rel}","templated":true}]}}