{"id":1160,"date":"2019-07-08T15:02:43","date_gmt":"2019-07-08T15:02:43","guid":{"rendered":"https:\/\/wordpress-319350-1082136.cloudwaysapps.com\/?page_id=1160"},"modified":"2019-12-06T16:13:40","modified_gmt":"2019-12-06T21:13:40","slug":"stage-four-group-considerations","status":"publish","type":"page","link":"https:\/\/training.refugeesponsorship.org\/pt\/stage-four-group-considerations","title":{"rendered":"Stage Four"},"content":{"rendered":"<div class=\"wpb-content-wrapper\"><div      class=\"vc_row wpb_row section vc_row-fluid\" style=' text-align:left;'><div class=\"full_section_inner clearfix\"><div class=\"wpb_column vc_column_container vc_col-sm-3\"><div class=\"vc_column-inner\"><div class=\"wpb_wrapper\">\n\t<div class=\"wpb_text_column wpb_content_element\">\n\t\t<div class=\"wpb_wrapper\">\n\t\t\t<div id=\"mega-menu-wrap-max_mega_menu_1\" class=\"mega-menu-wrap\"><div class=\"mega-menu-toggle\"><div class=\"mega-toggle-blocks-left\"><\/div><div class=\"mega-toggle-blocks-center\"><\/div><div class=\"mega-toggle-blocks-right\"><div class='mega-toggle-block mega-menu-toggle-block mega-toggle-block-1' id='mega-toggle-block-1'><span class='mega-toggle-label' role='button' aria-haspopup='true' aria-expanded='false'><span class='mega-toggle-label-closed'>MENU<\/span><span class='mega-toggle-label-open'>MENU<\/span><\/span><\/div><\/div><\/div><ul id=\"mega-menu-max_mega_menu_1\" class=\"mega-menu max-mega-menu mega-menu-accordion mega-no-js\" data-event=\"click\" data-effect=\"fade_up\" data-effect-speed=\"200\" data-effect-mobile=\"slide\" data-effect-speed-mobile=\"200\" data-mobile-force-width=\"false\" data-second-click=\"go\" data-document-click=\"disabled\" data-vertical-behaviour=\"standard\" data-breakpoint=\"600\" data-unbind=\"true\" data-mobile-state=\"collapse_all\" data-mobile-direction=\"vertical\" data-hover-intent-timeout=\"300\" data-hover-intent-interval=\"100\" data-overlay-desktop=\"false\" data-overlay-mobile=\"false\"><li class=\"mega-no_text_underline mega-menu-item mega-menu-item-type-custom mega-menu-item-object-custom mega-align-bottom-left mega-menu-flyout mega-menu-item-2125 no_text_underline\" id=\"mega-menu-item-2125\"><a class=\"mega-menu-link\">Processo de patroc\u00ednio de refugiados<\/a><\/li><li class=\"mega-menu-item mega-menu-item-type-post_type mega-menu-item-object-page mega-align-bottom-left mega-menu-flyout mega-menu-item-3149\" id=\"mega-menu-item-3149\"><a class=\"mega-menu-link\" href=\"https:\/\/training.refugeesponsorship.org\/pt\/?page_id=355\">Panorama<\/a><\/li><li class=\"mega-menu-item mega-menu-item-type-post_type mega-menu-item-object-page mega-menu-item-has-children mega-align-bottom-left mega-menu-flyout mega-disable-link mega-menu-item-2013\" id=\"mega-menu-item-2013\"><a class=\"mega-menu-link\" tabindex=\"0\" aria-expanded=\"false\" aria-controls=\"mega-sub-menu-2013\" role=\"button\">Etapa Um: Inqu\u00e9rito<span class=\"mega-indicator\" aria-hidden=\"true\"><\/span><\/a>\n<ul class=\"mega-sub-menu\" id='mega-sub-menu-2013'>\n<li class=\"mega-menu-item mega-menu-item-type-custom mega-menu-item-object-custom mega-menu-item-3831\" id=\"mega-menu-item-3831\"><a class=\"mega-menu-link\" href=\"https:\/\/training.refugeesponsorship.org\/pt\/courses\/what-is-refugee-resettlement\/#a\">1.1 O que \u00e9 a Reassentamento de Refugiados?<\/a><\/li><li class=\"mega-menu-item mega-menu-item-type-custom mega-menu-item-object-custom mega-menu-item-3832\" id=\"mega-menu-item-3832\"><a class=\"mega-menu-link\" href=\"https:\/\/training.refugeesponsorship.org\/pt\/courses\/grsi-community-sponsorship-training\/#a\">1.2 O que \u00e9 o Patroc\u00ednio comunit\u00e1rio?<\/a><\/li><li class=\"mega-menu-item mega-menu-item-type-custom mega-menu-item-object-custom mega-menu-item-3833\" id=\"mega-menu-item-3833\"><a class=\"mega-menu-link\" href=\"https:\/\/training.refugeesponsorship.org\/pt\/courses\/why-sponsor-refugees\/#a\">1.3 Patrocinar Refugiados Porqu\u00ea?<\/a><\/li><li class=\"mega-menu-item mega-menu-item-type-custom mega-menu-item-object-custom mega-menu-item-3834\" id=\"mega-menu-item-3834\"><a class=\"mega-menu-link\" href=\"https:\/\/training.refugeesponsorship.org\/pt\/courses\/who-can-sponsor-refugees\/#a\">1.4 Quem pode patrocinar refugiados?<\/a><\/li><li class=\"mega-menu-item mega-menu-item-type-custom mega-menu-item-object-custom mega-menu-item-3835\" id=\"mega-menu-item-3835\"><a class=\"mega-menu-link\" href=\"https:\/\/training.refugeesponsorship.org\/pt\/courses\/how-can-i-get-involved\/#a\">1.5 Como eu posso me envolver?<\/a><\/li><\/ul>\n<\/li><li class=\"mega-menu-item mega-menu-item-type-post_type mega-menu-item-object-page mega-menu-item-has-children mega-align-bottom-left mega-menu-flyout mega-disable-link mega-menu-item-2019\" id=\"mega-menu-item-2019\"><a class=\"mega-menu-link\" tabindex=\"0\" aria-expanded=\"false\" aria-controls=\"mega-sub-menu-2019\" role=\"button\">Etapa Dois: Planeamento<span class=\"mega-indicator\" aria-hidden=\"true\"><\/span><\/a>\n<ul class=\"mega-sub-menu\" id='mega-sub-menu-2019'>\n<li class=\"mega-menu-item mega-menu-item-type-custom mega-menu-item-object-custom mega-menu-item-3836\" id=\"mega-menu-item-3836\"><a class=\"mega-menu-link\" href=\"https:\/\/training.refugeesponsorship.org\/pt\/courses\/the-guiding-principles\/#a\">2.1 Princ\u00edpios Orientadores<\/a><\/li><li class=\"mega-menu-item mega-menu-item-type-custom mega-menu-item-object-custom mega-menu-item-3837\" id=\"mega-menu-item-3837\"><a class=\"mega-menu-link\" href=\"https:\/\/training.refugeesponsorship.org\/pt\/courses\/forming-a-group\/#a\">2.2 Formar um Grupo<\/a><\/li><li class=\"mega-menu-item mega-menu-item-type-custom mega-menu-item-object-custom mega-menu-item-3838\" id=\"mega-menu-item-3838\"><a class=\"mega-menu-link\" href=\"https:\/\/training.refugeesponsorship.org\/pt\/courses\/group-roles\/#a\">2.3 Fun\u00e7\u00f5es do Grupo<\/a><\/li><li class=\"mega-menu-item mega-menu-item-type-custom mega-menu-item-object-custom mega-menu-item-3839\" id=\"mega-menu-item-3839\"><a class=\"mega-menu-link\" href=\"https:\/\/training.refugeesponsorship.org\/pt\/courses\/settlement-planning\/#a\">2.4 Planejamento do assentamento<\/a><\/li><\/ul>\n<\/li><li class=\"mega-menu-item mega-menu-item-type-post_type mega-menu-item-object-page mega-menu-item-has-children mega-align-bottom-left mega-menu-flyout mega-disable-link mega-menu-item-2024\" id=\"mega-menu-item-2024\"><a class=\"mega-menu-link\" tabindex=\"0\" aria-expanded=\"false\" aria-controls=\"mega-sub-menu-2024\" role=\"button\">Etapa Tr\u00eas: Apoio \u00e0 Reassentamento<span class=\"mega-indicator\" aria-hidden=\"true\"><\/span><\/a>\n<ul class=\"mega-sub-menu\" id='mega-sub-menu-2024'>\n<li class=\"mega-menu-item mega-menu-item-type-custom mega-menu-item-object-custom mega-menu-item-3840\" id=\"mega-menu-item-3840\"><a class=\"mega-menu-link\" href=\"https:\/\/training.refugeesponsorship.org\/pt\/courses\/fundraising\/#a\">3.1 Apoio \u00e0 Reassentamento<\/a><\/li><li class=\"mega-menu-item mega-menu-item-type-custom mega-menu-item-object-custom mega-menu-item-3841\" id=\"mega-menu-item-3841\"><a class=\"mega-menu-link\" href=\"https:\/\/training.refugeesponsorship.org\/pt\/courses\/housing\/#a\">3.2 Habita\u00e7\u00e3o<\/a><\/li><li class=\"mega-menu-item mega-menu-item-type-custom mega-menu-item-object-custom mega-menu-item-3842\" id=\"mega-menu-item-3842\"><a class=\"mega-menu-link\" href=\"https:\/\/training.refugeesponsorship.org\/pt\/courses\/orientation\/#a\">3.3 Orienta\u00e7\u00e3o<\/a><\/li><li class=\"mega-menu-item mega-menu-item-type-custom mega-menu-item-object-custom mega-menu-item-3843\" id=\"mega-menu-item-3843\"><a class=\"mega-menu-link\" href=\"https:\/\/training.refugeesponsorship.org\/pt\/courses\/furnishings-and-clothing\/#a\">3.4 M\u00f3veis e Roupas<\/a><\/li><li class=\"mega-menu-item mega-menu-item-type-custom mega-menu-item-object-custom mega-menu-item-3844\" id=\"mega-menu-item-3844\"><a class=\"mega-menu-link\" href=\"https:\/\/training.refugeesponsorship.org\/pt\/courses\/employment\/#a\">3.5 Emprego<\/a><\/li><li class=\"mega-menu-item mega-menu-item-type-custom mega-menu-item-object-custom mega-menu-item-3845\" id=\"mega-menu-item-3845\"><a class=\"mega-menu-link\" href=\"https:\/\/training.refugeesponsorship.org\/pt\/courses\/medical-coverage\/#a\">3.6 Cobertura m\u00e9dica<\/a><\/li><li class=\"mega-menu-item mega-menu-item-type-custom mega-menu-item-object-custom mega-menu-item-3846\" id=\"mega-menu-item-3846\"><a class=\"mega-menu-link\" href=\"https:\/\/training.refugeesponsorship.org\/pt\/courses\/mental-health\/#a\">3.7 Sa\u00fade Mental<\/a><\/li><li class=\"mega-menu-item mega-menu-item-type-custom mega-menu-item-object-custom mega-menu-item-3847\" id=\"mega-menu-item-3847\"><a class=\"mega-menu-link\" href=\"https:\/\/training.refugeesponsorship.org\/pt\/courses\/language-acquisition\/#a\">3.8 Aquisi\u00e7\u00e3o do Idioma<\/a><\/li><li class=\"mega-menu-item mega-menu-item-type-custom mega-menu-item-object-custom mega-menu-item-3848\" id=\"mega-menu-item-3848\"><a class=\"mega-menu-link\" href=\"https:\/\/training.refugeesponsorship.org\/pt\/courses\/education\/#a\">3.9 Educa\u00e7\u00e3o<\/a><\/li><li class=\"mega-menu-item mega-menu-item-type-custom mega-menu-item-object-custom mega-menu-item-3849\" id=\"mega-menu-item-3849\"><a class=\"mega-menu-link\" href=\"https:\/\/training.refugeesponsorship.org\/pt\/courses\/transport\/#a\">3.10 Transporte<\/a><\/li><li class=\"mega-menu-item mega-menu-item-type-custom mega-menu-item-object-custom mega-menu-item-3850\" id=\"mega-menu-item-3850\"><a class=\"mega-menu-link\" href=\"https:\/\/training.refugeesponsorship.org\/pt\/courses\/social-events\/#a\">3.11 Eventos Sociais<\/a><\/li><\/ul>\n<\/li><li class=\"mega-menu-item mega-menu-item-type-post_type mega-menu-item-object-page mega-menu-item-has-children mega-align-bottom-left mega-menu-flyout mega-disable-link mega-menu-item-2036\" id=\"mega-menu-item-2036\"><a class=\"mega-menu-link\" tabindex=\"0\" aria-expanded=\"false\" aria-controls=\"mega-sub-menu-2036\" role=\"button\">Etapa Quatro: Considera\u00e7\u00f5es do Grupo<span class=\"mega-indicator\" aria-hidden=\"true\"><\/span><\/a>\n<ul class=\"mega-sub-menu\" id='mega-sub-menu-2036'>\n<li class=\"mega-menu-item mega-menu-item-type-custom mega-menu-item-object-custom mega-menu-item-3851\" id=\"mega-menu-item-3851\"><a class=\"mega-menu-link\" href=\"https:\/\/training.refugeesponsorship.org\/pt\/courses\/managing-relationships\/#a\">4.1 Gest\u00e3o de Rela\u00e7\u00f5es<\/a><\/li><li class=\"mega-menu-item mega-menu-item-type-custom mega-menu-item-object-custom mega-menu-item-3852\" id=\"mega-menu-item-3852\"><a class=\"mega-menu-link\" href=\"https:\/\/training.refugeesponsorship.org\/pt\/courses\/changes-in-the-sponsorship-agreement\/#a\">4.2 Altera\u00e7\u00f5es ao Contrato de Patroc\u00ednio<\/a><\/li><li class=\"mega-menu-item mega-menu-item-type-custom mega-menu-item-object-custom mega-menu-item-3853\" id=\"mega-menu-item-3853\"><a class=\"mega-menu-link\" href=\"https:\/\/training.refugeesponsorship.org\/pt\/courses\/promoting-sponsorship\/#a\">4.3 Promo\u00e7\u00e3o do Patroc\u00ednio<\/a><\/li><li class=\"mega-menu-item mega-menu-item-type-custom mega-menu-item-object-custom mega-menu-item-3854\" id=\"mega-menu-item-3854\"><a class=\"mega-menu-link\" href=\"https:\/\/training.refugeesponsorship.org\/pt\/courses\/end-of-sponsorship\/#a\">4.4 Final do patroc\u00ednio<\/a><\/li><\/ul>\n<\/li><\/ul><\/div>\n\n\t\t<\/div> \n\t<\/div> <\/div><\/div><\/div><div class=\"wpb_column vc_column_container vc_col-sm-9\"><div class=\"vc_column-inner\"><div class=\"wpb_wrapper\">\n\t<div class=\"wpb_text_column wpb_content_element\">\n\t\t<div class=\"wpb_wrapper\">\n\t\t\t<div id=\"ld-course-list-content-53af7f5ac13d91eac5382a4c25638187\" class=\"ld-course-list-content\" data-shortcode-atts=\"{&quot;orderby&quot;:&quot;menu_order&quot;,&quot;order&quot;:&quot;ASC&quot;,&quot;show_content&quot;:&quot;true&quot;,&quot;course_category_name&quot;:&quot;Stage Four: Group Considerations&quot;}\">\n\t\t\t<div class=\"ld-course-list-items row\">\n\t<!-- LearnDash Course Grid v1 --><div class=\"ld_course_grid col-sm-8 col-md-4\">\n\t<article id=\"post-1164\" class=\"thumbnail course post-1164 sfwd-courses type-sfwd-courses status-publish has-post-thumbnail hentry category-stage-four-group-considerations ld_course_category-stage-four-group-considerations\">\n\t\t\t\t\t\t\t\t<div class=\"ribbon\">\n\t\t\t\tFree\t\t\t<\/div>\n\t\t\t\n\t\t\t\t\t\t<a href=\"https:\/\/training.refugeesponsorship.org\/pt\/courses\/managing-relationships\" rel=\"bookmark\">\n\t\t\t\t<img loading=\"lazy\" decoding=\"async\" width=\"300\" height=\"233\" src=\"https:\/\/training.refugeesponsorship.org\/wp-content\/uploads\/2019\/03\/Managing-Relationships@144x-100-300x233.jpg\" class=\"attachment-medium size-medium wp-post-image\" alt=\"\" srcset=\"https:\/\/training.refugeesponsorship.org\/wp-content\/uploads\/2019\/03\/Managing-Relationships@144x-100-300x233.jpg 300w, https:\/\/training.refugeesponsorship.org\/wp-content\/uploads\/2019\/03\/Managing-Relationships@144x-100-600x466.jpg 600w, https:\/\/training.refugeesponsorship.org\/wp-content\/uploads\/2019\/03\/Managing-Relationships@144x-100.jpg 632w\" sizes=\"auto, (max-width: 300px) 100vw, 300px\" \/>\t\t\t<\/a>\n\t\t\t\t\t\n\t\t\t\t\t<div class=\"caption\">\n\t\t\t\t<h3 class=\"entry-title\">4.1 Gest\u00e3o de Rela\u00e7\u00f5es<\/h3>\n\t\t\t\t\t\t\t\t<div class=\"entry-content\"><p>Each member of your group contributes their own experiences, attitudes, and skills to a sponsorship. There is rarely a uniform solution to any challenge, and as such, not everyone may completely agree on how to handle certain situations. The way your group is organized, the way roles are shared, and the existing professional and private relationships in the group may all affect group management and communication. <\/p>\n<\/div>\n\t\t\t\t\t\t\t\t<div class=\"ld_course_grid_button\"><a class=\"btn btn-primary\" role=\"button\" href=\"https:\/\/training.refugeesponsorship.org\/pt\/courses\/managing-relationships\" rel=\"bookmark\">Enroll Now<\/a><\/div>\n\t\t\t\t\t\t\t<\/div><!-- .entry-header -->\n\t\t\t<\/article><!-- #post-## -->\n<\/div><!-- .ld_course_grid -->\n<!-- LearnDash Course Grid v1 --><div class=\"ld_course_grid col-sm-8 col-md-4\">\n\t<article id=\"post-1193\" class=\"thumbnail course post-1193 sfwd-courses type-sfwd-courses status-publish has-post-thumbnail hentry category-stage-four-group-considerations ld_course_category-stage-four-group-considerations\">\n\t\t\t\t\t\t\t\t<div class=\"ribbon\">\n\t\t\t\tFree\t\t\t<\/div>\n\t\t\t\n\t\t\t\t\t\t<a href=\"https:\/\/training.refugeesponsorship.org\/pt\/courses\/changes-in-the-sponsorship-agreement\" rel=\"bookmark\">\n\t\t\t\t<img loading=\"lazy\" decoding=\"async\" width=\"300\" height=\"233\" src=\"https:\/\/training.refugeesponsorship.org\/wp-content\/uploads\/2019\/07\/Changes-in-the-Sponsorship-Agreement@144x-100-300x233.jpg\" class=\"attachment-medium size-medium wp-post-image\" alt=\"\" srcset=\"https:\/\/training.refugeesponsorship.org\/wp-content\/uploads\/2019\/07\/Changes-in-the-Sponsorship-Agreement@144x-100-300x233.jpg 300w, https:\/\/training.refugeesponsorship.org\/wp-content\/uploads\/2019\/07\/Changes-in-the-Sponsorship-Agreement@144x-100-600x465.jpg 600w, https:\/\/training.refugeesponsorship.org\/wp-content\/uploads\/2019\/07\/Changes-in-the-Sponsorship-Agreement@144x-100-387x300.jpg 387w, https:\/\/training.refugeesponsorship.org\/wp-content\/uploads\/2019\/07\/Changes-in-the-Sponsorship-Agreement@144x-100.jpg 633w\" sizes=\"auto, (max-width: 300px) 100vw, 300px\" \/>\t\t\t<\/a>\n\t\t\t\t\t\n\t\t\t\t\t<div class=\"caption\">\n\t\t\t\t<h3 class=\"entry-title\">4.2 Altera\u00e7\u00f5es ao Contrato de Patroc\u00ednio<\/h3>\n\t\t\t\t\t\t\t\t<div class=\"entry-content\"><p>Over the course of sponsorship, changes may occur that change the original agreement. For example, sponsored refugees may decide to move to a different community after their arrival. This is typically known as secondary migration.<\/p>\n<\/div>\n\t\t\t\t\t\t\t\t<div class=\"ld_course_grid_button\"><a class=\"btn btn-primary\" role=\"button\" href=\"https:\/\/training.refugeesponsorship.org\/pt\/courses\/changes-in-the-sponsorship-agreement\" rel=\"bookmark\">Enroll Now<\/a><\/div>\n\t\t\t\t\t\t\t<\/div><!-- .entry-header -->\n\t\t\t<\/article><!-- #post-## -->\n<\/div><!-- .ld_course_grid -->\n<!-- LearnDash Course Grid v1 --><div class=\"ld_course_grid col-sm-8 col-md-4\">\n\t<article id=\"post-1208\" class=\"thumbnail course post-1208 sfwd-courses type-sfwd-courses status-publish has-post-thumbnail hentry category-stage-four-group-considerations ld_course_category-stage-four-group-considerations\">\n\t\t\t\t\t\t\t\t<div class=\"ribbon\">\n\t\t\t\tFree\t\t\t<\/div>\n\t\t\t\n\t\t\t\t\t\t<a href=\"https:\/\/training.refugeesponsorship.org\/pt\/courses\/promoting-sponsorship\" rel=\"bookmark\">\n\t\t\t\t<img loading=\"lazy\" decoding=\"async\" width=\"300\" height=\"233\" src=\"https:\/\/training.refugeesponsorship.org\/wp-content\/uploads\/2019\/03\/Promoting-Sponsorship@144x-100-300x233.jpg\" class=\"attachment-medium size-medium wp-post-image\" alt=\"\" srcset=\"https:\/\/training.refugeesponsorship.org\/wp-content\/uploads\/2019\/03\/Promoting-Sponsorship@144x-100-300x233.jpg 300w, https:\/\/training.refugeesponsorship.org\/wp-content\/uploads\/2019\/03\/Promoting-Sponsorship@144x-100-600x466.jpg 600w, https:\/\/training.refugeesponsorship.org\/wp-content\/uploads\/2019\/03\/Promoting-Sponsorship@144x-100.jpg 632w\" sizes=\"auto, (max-width: 300px) 100vw, 300px\" \/>\t\t\t<\/a>\n\t\t\t\t\t\n\t\t\t\t\t<div class=\"caption\">\n\t\t\t\t<h3 class=\"entry-title\">4.3 Promo\u00e7\u00e3o do Patroc\u00ednio<\/h3>\n\t\t\t\t\t\t\t\t<div class=\"entry-content\"><p>There are several benefits to sharing sponsoring experiences with others. For one, it is an opportunity for sponsorship groups to learn best practices, valuable lessons, and ultimately improve the sponsorship experience for both sponsorship groups and refugees. <\/p>\n<\/div>\n\t\t\t\t\t\t\t\t<div class=\"ld_course_grid_button\"><a class=\"btn btn-primary\" role=\"button\" href=\"https:\/\/training.refugeesponsorship.org\/pt\/courses\/promoting-sponsorship\" rel=\"bookmark\">Enroll Now<\/a><\/div>\n\t\t\t\t\t\t\t<\/div><!-- .entry-header -->\n\t\t\t<\/article><!-- #post-## -->\n<\/div><!-- .ld_course_grid -->\n<!-- LearnDash Course Grid v1 --><div class=\"ld_course_grid col-sm-8 col-md-4\">\n\t<article id=\"post-1219\" class=\"thumbnail course post-1219 sfwd-courses type-sfwd-courses status-publish has-post-thumbnail hentry category-stage-four-group-considerations ld_course_category-stage-four-group-considerations\">\n\t\t\t\t\t\t\t\t<div class=\"ribbon\">\n\t\t\t\tFree\t\t\t<\/div>\n\t\t\t\n\t\t\t\t\t\t<a href=\"https:\/\/training.refugeesponsorship.org\/pt\/courses\/end-of-sponsorship\" rel=\"bookmark\">\n\t\t\t\t<img loading=\"lazy\" decoding=\"async\" width=\"300\" height=\"233\" src=\"https:\/\/training.refugeesponsorship.org\/wp-content\/uploads\/2019\/03\/End-of-Sponsorship@144x-100-300x233.jpg\" class=\"attachment-medium size-medium wp-post-image\" alt=\"\" srcset=\"https:\/\/training.refugeesponsorship.org\/wp-content\/uploads\/2019\/03\/End-of-Sponsorship@144x-100-300x233.jpg 300w, https:\/\/training.refugeesponsorship.org\/wp-content\/uploads\/2019\/03\/End-of-Sponsorship@144x-100-600x465.jpg 600w, https:\/\/training.refugeesponsorship.org\/wp-content\/uploads\/2019\/03\/End-of-Sponsorship@144x-100.jpg 633w\" sizes=\"auto, (max-width: 300px) 100vw, 300px\" \/>\t\t\t<\/a>\n\t\t\t\t\t\n\t\t\t\t\t<div class=\"caption\">\n\t\t\t\t<h3 class=\"entry-title\">4.4 Final do patroc\u00ednio<\/h3>\n\t\t\t\t\t\t\t\t<div class=\"entry-content\"><p>t is important at the beginning of the sponsorship period to explain to sponsored refugees that your legal responsibility to sponsor them ends at a certain point, and to discuss the steps you plan to take together during the sponsorship period in anticipation its conclusion. <\/p>\n<\/div>\n\t\t\t\t\t\t\t\t<div class=\"ld_course_grid_button\"><a class=\"btn btn-primary\" role=\"button\" href=\"https:\/\/training.refugeesponsorship.org\/pt\/courses\/end-of-sponsorship\" rel=\"bookmark\">Enroll Now<\/a><\/div>\n\t\t\t\t\t\t\t<\/div><!-- .entry-header -->\n\t\t\t<\/article><!-- #post-## -->\n<\/div><!-- .ld_course_grid -->\n\t<\/div>\n\t\t\t<\/div>\n\t\t\n\n\t\t<\/div> \n\t<\/div> <\/div><\/div><\/div><\/div><\/div><div      class=\"vc_row wpb_row section vc_row-fluid\" style=' text-align:left;'><div class=\"full_section_inner clearfix\"><div class=\"wpb_column vc_column_container vc_col-sm-12\"><div class=\"vc_column-inner\"><div class=\"wpb_wrapper\">\t<div class=\"vc_empty_space\"  style=\"height: 50px\" ><span\n\t\t\tclass=\"vc_empty_space_inner\">\n\t\t\t<span class=\"empty_space_image\"  ><\/span>\n\t\t<\/span><\/div>\n\n<\/div><\/div><\/div><\/div><\/div>\n<\/div>","protected":false},"excerpt":{"rendered":"MENUMENUThe Refugee Sponsorship ProcessOverviewStage One: Inquiry 1.1 What is Refugee Resettlement?1.2 What is Community-Based Refugee Sponsorship?1.3 Why Sponsor Refugees?1.4 Who Can Sponsor Refugees?1.5 How Can I Get Involved? Stage Two: Planning 2.1 The Guiding Principles2.2 Forming a Group2.3 Group Roles2.4 Settlement Planning Stage Three: Settlement...","protected":false},"author":7,"featured_media":0,"parent":0,"menu_order":4,"comment_status":"closed","ping_status":"closed","template":"","meta":{"footnotes":""},"class_list":["post-1160","page","type-page","status-publish","hentry"],"_links":{"self":[{"href":"https:\/\/training.refugeesponsorship.org\/pt\/wp-json\/wp\/v2\/pages\/1160","targetHints":{"allow":["GET"]}}],"collection":[{"href":"https:\/\/training.refugeesponsorship.org\/pt\/wp-json\/wp\/v2\/pages"}],"about":[{"href":"https:\/\/training.refugeesponsorship.org\/pt\/wp-json\/wp\/v2\/types\/page"}],"author":[{"embeddable":true,"href":"https:\/\/training.refugeesponsorship.org\/pt\/wp-json\/wp\/v2\/users\/7"}],"replies":[{"embeddable":true,"href":"https:\/\/training.refugeesponsorship.org\/pt\/wp-json\/wp\/v2\/comments?post=1160"}],"version-history":[{"count":2,"href":"https:\/\/training.refugeesponsorship.org\/pt\/wp-json\/wp\/v2\/pages\/1160\/revisions"}],"predecessor-version":[{"id":4709,"href":"https:\/\/training.refugeesponsorship.org\/pt\/wp-json\/wp\/v2\/pages\/1160\/revisions\/4709"}],"wp:attachment":[{"href":"https:\/\/training.refugeesponsorship.org\/pt\/wp-json\/wp\/v2\/media?parent=1160"}],"curies":[{"name":"wp","href":"https:\/\/api.w.org\/{rel}","templated":true}]}}